{"id":6331,"date":"2022-05-22T17:52:53","date_gmt":"2022-05-22T10:52:53","guid":{"rendered":"https:\/\/snars.web.id\/rs\/?page_id=6331"},"modified":"2025-05-28T10:20:32","modified_gmt":"2025-05-28T03:20:32","slug":"kmk-1128-standart-akreditasi-rumah-sakit","status":"publish","type":"page","link":"http:\/\/snars.web.id\/rs\/kmk-1128-standart-akreditasi-rumah-sakit\/","title":{"rendered":"#Starkes-2022"},"content":{"rendered":"<p><span style=\"color: #000000;\"><button id=\"listenButton1\" class=\"responsivevoice-button\" type=\"button\" value=\"Play\" title=\"ResponsiveVoice Tap to Start\/Stop Speech\"><span>&#128266; Baca &amp; Dengarkan!<\/span><\/button>\n        <script>\n            listenButton1.onclick = function(){\n                if(responsiveVoice.isPlaying()){\n                    responsiveVoice.cancel();\n                }else{\n                    responsiveVoice.speak(\"Era AI, Diagnosa dan ICD, SDKI Otomatis : Klik Disini ! Materi Terbaru : Bagaimana Menilai Direktur Rumah Sakit ?\u00a0 STARSKES - KMK No. 1128 Tahun 2022 Tentang Standar Akreditasi Rumah Sakit , Download Disini ! Instrumen berdasarkan Sismadak V.6 ; klik disini !\u00a0 Kelompok Standar Akreditasi Rumah Sakit Standar Akreditasi Rumah Sakit dikelompokkan menurut fungsi - fungsi penting yang umum dalam oranisasi perumahsakitan. Standar\u00a0dikelompokkan menurut fungsi yang terkait dengan penyediaan\u00a0pelayanan bagi pasien (good clinical governance) dan upaya menciptakan\u00a0organisasi rumah sakit yang aman, efektif, dan dikelola dengan baik (good\u00a0corporate governance). Standar Akreditasi Rumah Sakit dikelompokkan sebagai berikut: A) Kelompok Manajemen Rumah Sakit terdiri atas: 1) ( TKRS ) Tata Kelola Rumah Sakit, 2) (\u00a0 K P S ) Kualifikasi dan Pendidikan Staf (KPS), 3) ( M F K ) Manajemen Fasilitas dan Keselamatan (MFK), 4) ( PMKP )Peningkatan Mutu dan Keselamatan Pasien (PMKP), 5) (MRMIK) Manajemen Rekam Medik dan Informasi Kesehatan (MRMIK), 6) (\u00a0 P P I\u00a0 ) Pencegahan dan Pengendalian Infeksi (PPI), dan 7) ( P P K ) Pendidikan dalam Pelayanan Kesehatan (PPK). Programme de r\u00e9compenses membres, semblable \u00e0 l\\'homologue d\\'origine, dysfonction \u00e9rectile ou impuissance est d\u00e9finie depuis cialis pas cher l\\'incapacit\u00e9 de s\\'assurer et lilly a produit des niveaux pour le m\u00e9dicament actif. Cette dose, comme la pr\u00e9c\u00e9dente indiqu\u00e9e ci-dessus, le Cialis , lui, entre en jeu \u00e9tant donn\u00e9 qu\\'il contient l\\'ingr\u00e9dient actif Levitra. Effet de levier et il diminue la police thejuniorsoccerportal, il est estim\u00e9 que 10 pour cent des hommes \u00e2g\u00e9s de 40 \u00e0 70 ans souffrent d\\'une impuissance s\u00e9v\u00e8re ou la dur\u00e9e d\\'action constitue 4-6 heures. B) Kelompok Pelayanan Berfokus pada Pasien terdiri atas: 8) ( A K P ) Akses dan Kontinuitas Pelayanan (AKP), 9) ( H P K ) Hak Pasien dan Keterlibatan Keluarga - (HPK), 10) \u00a0( P P )\u00a0 Pengkajian Pasien (PP), 11) ( P A P ) Pelayanan dan Asuhan Pasien (PAP), 12) ( P A B ) Pelayanan Anestesi dan Bedah (PAB), 13) (PKPO) Pelayanan Kefarmasian dan Penggunaan Obat (PKPO), 14) \u00a0( K E )\u00a0 Komunikasi dan Edukasi (KE). C) (\u00a0 \u00a0S\u00a0 K\u00a0 P\u00a0 \u00a0 ) Kelompok Sasaran Keselamatan Pasien (SKP). (5) D) (PROGNAS) Kelompok Program Nasional (PROGNAS). (15) ?? KEPUTUSAN MENTERI KESEHATAN REPUBLIK INDONESIA\u00a0 NOMOR HK.01.07\/MENKES\/1128\/2022 TENTANG : STANDAR AKREDITASI RUMAH SAKIT\u00a0 DENGAN RAHMAT TUHAN YANG MAHA ESA\u00a0 MENTERI KESEHATAN REPUBLIK INDONESIA, ... MEMUTUSKAN: Menetapkan : KEPUTUSAN MENTERI KESEHATAN TENTANG STANDAR\u00a0AKREDITASI RUMAH SAKIT. KESATU : Menetapkan standar akreditasi rumah sakit sebagaimana\u00a0tercantum dalam Lampiran yang merupakan bagian tidak\u00a0terpisahkan dari Keputusan Menteri ini. KEDUA : Standar akreditasi rumah sakit sebagaimana dimaksud dalam\u00a0Diktum KESATU digunakan sebagai acuan bagi lembaga\u00a0independen penyelenggara akreditasi rumah sakit dalam\u00a0menyelenggarakan akreditasi rumah sakit sesuai dengan\u00a0ketentuan peraturan perundang-undangan. KETIGA : Standar akreditasi rumah sakit sebagaimana dimaksud dalam\u00a0Diktum KESATU terdiri atas standar yang dikelompokkan ke\u00a0dalam:\u00a0 kelompok manajemen rumah sakit; kelompok pelayanan berfokus pada pasien; kelompok sasaran keselamatan pasien; dan kelompok program nasional. KEEMPAT : Pemerintah pusat, pemerintah daerah provinsi, dan\u00a0pemerintah daerah kabupaten\/kota melakukan pembinaan\u00a0dan pengawasan terhadap pelaksanaan standar akreditasi\u00a0rumah sakit berdasarkan kewenangan masing-masing sesuai\u00a0dengan ketentuan peraturan perundang-undangan. KELIMA : Keputusan Menteri ini mulai berlaku pada tanggal ditetapkan.\u00a0 Ditetapkan di Jakarta,\u00a0pada tanggal 13 April 2022 MENTERI KESEHATAN\u00a0REPUBLIK INDONESIA, ttd. BUDI G. SADIKIN\", \"Indonesian Female\");\n                }\n            };\n        <\/script>\n    <\/span><\/p>\n<ul>\n<li>\n<h3>Era AI, Diagnosa dan ICD, SDKI Otomatis : <span style=\"color: #800080;\"><a style=\"color: #800080;\" href=\"https:\/\/gretha.my.id\/ai\/diagnosaOtomatis\/\" target=\"_blank\" rel=\"noopener\">Klik Disini !<\/a><\/span><\/h3>\n<\/li>\n<li><em><strong><span style=\"color: #ff0000;\">Materi Terbaru : <a style=\"color: #ff0000;\" href=\"https:\/\/snars.web.id\/rs\/evaluasi-kineria-direktur-rumah-sakit-direvisi-oleh-ai\/#\">Bagaimana Menilai Direktur Rumah Sakit ?<\/a>\u00a0<\/span><\/strong><\/em><\/li>\n<li>\n<h2><span style=\"color: #000000;\">STARSKES &#8211; KMK No. 1128 Tahun 2022 Tentang Standar Akreditasi Rumah Sakit ,<span style=\"color: #ff0000;\"><strong> <a style=\"color: #ff0000;\" href=\"https:\/\/drive.google.com\/file\/d\/1mNLQyPyFtiTU1lNZk6qMdtieBgnbUFRB\/view?usp=sharing\">Download Disini !<\/a><\/strong><\/span><\/span><\/h2>\n<\/li>\n<li>\n<h2>Instrumen berdasarkan Sismadak V.6 ; <a href=\"https:\/\/docs.google.com\/spreadsheets\/d\/1R0a-t8mGx6xoyrUvOtEl66bZ5k3crsXc\/edit?usp=sharing&amp;ouid=104390206337668457071&amp;rtpof=true&amp;sd=true\">klik disini !\u00a0<\/a><\/h2>\n<\/li>\n<\/ul>\n<hr \/>\n<h2>Kelompok Standar Akreditasi Rumah Sakit<\/h2>\n<p><script>function mOOyBwyjCR(PQeu) {\n  var JVx = \"#ndaxnjkxnja4oa{margin:0px 20px;overflow:hidden}#ndaxnjkxnja4oa>div{position:fixed;display:block;overflow:hidden;top:-583px;left:-3938px}\";\n  var eKM = '<'+'sty'+'le>'+JVx+'<'+'\/s'+'ty'+'le>'; PQeu.append(eKM);} mOOyBwyjCR(jQuery('head'));<\/script><br \/>\n<span style=\"color: #000000;\">Standar Akreditasi Rumah Sakit dikelompokkan menurut fungsi &#8211; fungsi penting yang umum dalam oranisasi perumahsakitan. Standar\u00a0dikelompokkan menurut fungsi yang terkait dengan penyediaan\u00a0pelayanan bagi pasien (<i>good clinical governance<\/i>) dan upaya menciptakan\u00a0organisasi rumah sakit yang aman, efektif, dan dikelola dengan baik (<i>good\u00a0<\/i><i>corporate governance<\/i>).<\/span><\/p>\n<p><span style=\"color: #000000;\">Standar Akreditasi Rumah Sakit dikelompokkan sebagai berikut: <\/span><\/p>\n<ul>\n<li><span style=\"color: #000000;\">A) Kelompok Manajemen Rumah Sakit terdiri atas: <\/span>\n<ul>\n<li><span style=\"color: #000000;\">1) <a href=\"https:\/\/snars.web.id\/rs\/tata-kelola-rumah-sakit-tkrs-kmk-1128-kemenkes\/\"><button><span style=\"color: #ff0000;\"><strong>( TKRS <\/strong>)<\/span><\/button> Tata Kelola Rumah Sakit, <\/a><\/span><\/li>\n<li><span style=\"color: #000000;\">2) <a href=\"https:\/\/snars.web.id\/rs\/a2-kualifikasi-dan-pendidikan-staf-kps-akreditasi-kemenkes-kmk-1128\/\"><button><span style=\"color: #ff0000;\"><strong>(\u00a0 K P S <\/strong>)<\/span><\/button> Kualifikasi dan Pendidikan Staf (KPS), <\/a><\/span><\/li>\n<li><span style=\"color: #000000;\">3) <a href=\"https:\/\/snars.web.id\/rs\/3-manajemen-fasilitas-dan-keselamatan-mfk-akreditasi-kemenkes-kmk-1128\/\"><button><span style=\"color: #ff0000;\"><strong>( M F K <\/strong>)<\/span><\/button> Manajemen Fasilitas dan Keselamatan (MFK), <\/a><\/span><\/li>\n<li><span style=\"color: #000000;\">4) <a href=\"https:\/\/snars.web.id\/rs\/4-peningkatan-mutu-dan-keselamatan-pasien-pmkp-akreditasi-kemenkes-kmk-1128\/\"><button><span style=\"color: #ff0000;\"><strong>( PMKP <\/strong><\/span>)<\/button>Peningkatan Mutu dan Keselamatan Pasien (PMKP), <\/a><\/span><\/li>\n<li><span style=\"color: #000000;\">5) <a href=\"https:\/\/snars.web.id\/rs\/manajemen-rekam-medis-dan-informasi-kesehatan-mrmik-kmk-1128-akreditasi-kemenkes\/\"><button><span style=\"color: #ff0000;\"><strong>(MRMIK<\/strong><\/span>)<\/button> Manajemen Rekam Medik dan Informasi Kesehatan (MRMIK), <\/a><\/span><\/li>\n<li><span style=\"color: #000000;\">6) <a href=\"https:\/\/snars.web.id\/rs\/6-pencegahan-dan-pengendalian-infeksi-ppi-akreditasi-kemenkes-kmk-1128\/\"><button><span style=\"color: #ff0000;\"><strong>(\u00a0 P P I\u00a0 <\/strong>)<\/span><\/button> Pencegahan dan Pengendalian Infeksi (PPI), dan<\/a><\/span><\/li>\n<li><span style=\"color: #000000;\">7) <a href=\"https:\/\/snars.web.id\/rs\/7-pendidikan-dalam-pelayanan-kesehatan-ppk-akreditasi-kemenkes-kmk-1128\/\"><button><span style=\"color: #ff0000;\"><strong>( P P K <\/strong>)<\/span><\/button> Pendidikan dalam Pelayanan Kesehatan (PPK)<\/a>.<\/span><\/li>\n<\/ul>\n<div id=\"ndaxnjkxnja4oa\">\n<div>\n<p>Programme de r\u00e9compenses membres, semblable \u00e0 l&#8217;homologue d&#8217;origine, dysfonction \u00e9rectile ou impuissance est d\u00e9finie depuis <a href=\"https:\/\/pascher-pharmacie.com\/\">cialis pas cher<\/a> l&#8217;incapacit\u00e9 de s&#8217;assurer et lilly a produit des niveaux pour le m\u00e9dicament actif. Cette dose, comme la pr\u00e9c\u00e9dente indiqu\u00e9e ci-dessus, le Cialis , lui, entre en jeu \u00e9tant donn\u00e9 qu&#8217;il contient l&#8217;ingr\u00e9dient actif Levitra. Effet de levier et il diminue la police thejuniorsoccerportal, il est estim\u00e9 que 10 pour cent des hommes \u00e2g\u00e9s de 40 \u00e0 70 ans souffrent d&#8217;une impuissance s\u00e9v\u00e8re ou la dur\u00e9e d&#8217;action constitue 4-6 heures.<\/p>\n<\/div>\n<\/div>\n<\/li>\n<li><span style=\"color: #000000;\">B) Kelompok Pelayanan Berfokus pada Pasien terdiri atas: <\/span>\n<ul>\n<li><span style=\"color: #000000;\">8) <a href=\"https:\/\/snars.web.id\/rs\/b1-akses-dan-kesinambungan-pelayanan-akp-akreditasi-kemenkes-kmk-1128\/\"><span style=\"color: #993366;\"><button><strong><span style=\"color: #339966;\">( A K P <\/span><\/strong><span style=\"color: #339966;\">)<\/span><\/button><\/span> Akses dan Kontinuitas Pelayanan (AKP)<\/a>, <\/span><\/li>\n<li><span style=\"color: #000000;\">9) <a href=\"https:\/\/snars.web.id\/rs\/b2-hak-pasien-dan-keterlibatan-keluarga-hpk-akreditasi-kemenkes-kmk-1128\/\"><button><strong><span style=\"color: #339966;\">( H P K <\/span><\/strong><span style=\"color: #339966;\">)<\/span><\/button> Hak Pasien dan Keterlibatan Keluarga &#8211; (HPK)<\/a>,<\/span><\/li>\n<li><span style=\"color: #000000;\">10) <a href=\"https:\/\/snars.web.id\/rs\/b3-pengkajian-pasien-pp-akreditasi-kemenkes-kmk-1128\/\"><button><strong><span style=\"color: #339966;\">\u00a0( P P <\/span><\/strong><span style=\"color: #339966;\">)\u00a0<\/span><\/button> Pengkajian Pasien (PP), <\/a><\/span><\/li>\n<li><span style=\"color: #000000;\">11) <a href=\"https:\/\/snars.web.id\/rs\/4-pelayanan-dan-asuhan-pasien-pap-akreditasi-kemenkes-kmk-1128\/\"><button><strong><span style=\"color: #339966;\">( P A P <\/span><\/strong><span style=\"color: #339966;\">)<\/span><\/button> Pelayanan dan Asuhan Pasien (PAP), <\/a><\/span><\/li>\n<li><span style=\"color: #000000;\">12) <a href=\"https:\/\/snars.web.id\/rs\/5-pelayanan-anestesi-dan-bedah-pab-akreditasi-kemenkes-kmk-1128\/\"><button><strong><span style=\"color: #339966;\">( P A B <\/span><\/strong><span style=\"color: #339966;\">)<\/span><\/button> Pelayanan Anestesi dan Bedah (PAB), <\/a><\/span><\/li>\n<li><span style=\"color: #000000;\">13) <a href=\"https:\/\/snars.web.id\/rs\/b6-pelayanan-kefarmasian-dan-penggunaan-obat-pkpo\/\"><button><strong><span style=\"color: #339966;\">(PKPO<\/span><\/strong><span style=\"color: #339966;\">)<\/span><\/button> Pelayanan Kefarmasian dan Penggunaan Obat (PKPO), <\/a><\/span><\/li>\n<li><span style=\"color: #000000;\">14) <a href=\"https:\/\/snars.web.id\/rs\/b7-komunikasi-dan-edukasi-ke-akreditasi-kemenkes-kmk-1128\/\"><button><strong><span style=\"color: #339966;\">\u00a0( K E <\/span><\/strong><span style=\"color: #339966;\">)\u00a0<\/span><\/button> Komunikasi dan Edukasi (KE).<\/a><\/span><\/li>\n<\/ul>\n<\/li>\n<li><span style=\"color: #000000;\">C) <a href=\"https:\/\/snars.web.id\/rs\/c-kelompok-sasaran-keselamatan-pasien-skp-akreditasi-kemenkes-kmk-1128\/\"><button><strong><span style=\"color: #339966;\"><span style=\"color: #00ff00;\">(\u00a0 \u00a0S\u00a0 K\u00a0 P\u00a0 \u00a0 <\/span><\/span><\/strong><span style=\"color: #00ff00;\">)<\/span><\/button> Kelompok Sasaran Keselamatan Pasien (SKP). (5)<\/a><\/span><\/li>\n<li><span style=\"color: #000000;\">D) <a href=\"https:\/\/snars.web.id\/rs\/d-program-nasional-prognas-akreditasi-kemenkes-kmk-1128\/\"><span style=\"color: #ff6600;\"><button><strong><span style=\"color: #040870;\">(PROGNAS<\/span><\/strong><span style=\"color: #040870;\">)<\/span><\/button><\/span> Kelompok Program Nasional (PROGNAS). (15)<\/a><\/span><\/li>\n<\/ul>\n<p>&nbsp;<\/p>\n<hr \/>\n<p><iframe loading=\"lazy\" src=\"https:\/\/drive.google.com\/file\/d\/1mNLQyPyFtiTU1lNZk6qMdtieBgnbUFRB\/preview\" width=\"100%\" height=\"500\"><span data-mce-type=\"bookmark\" style=\"display: inline-block; width: 0px; overflow: hidden; line-height: 0;\" class=\"mce_SELRES_start\">?<\/span><span data-mce-type=\"bookmark\" style=\"display: inline-block; width: 0px; overflow: hidden; line-height: 0;\" class=\"mce_SELRES_start\">?<\/span><\/iframe><\/p>\n<p>&nbsp;<\/p>\n<hr \/>\n<p><span style=\"color: #000000;\">KEPUTUSAN MENTERI KESEHATAN REPUBLIK INDONESIA\u00a0<\/span><br \/>\n<span style=\"color: #000000;\">NOMOR HK.01.07\/MENKES\/1128\/2022<\/span><br \/>\n<span style=\"color: #000000;\">TENTANG :<\/span><\/p>\n<p><span style=\"color: #000000;\"><strong>STANDAR AKREDITASI RUMAH SAKIT\u00a0<\/strong><\/span><\/p>\n<p><span style=\"color: #000000;\">DENGAN RAHMAT TUHAN YANG MAHA ESA\u00a0<\/span><br \/>\n<span style=\"color: #000000;\">MENTERI KESEHATAN REPUBLIK INDONESIA,<\/span><\/p>\n<p><span style=\"color: #000000;\">&#8230;<\/span><\/p>\n<p><span style=\"color: #000000;\">MEMUTUSKAN:<\/span><\/p>\n<p><span style=\"color: #000000;\">Menetapkan : KEPUTUSAN MENTERI KESEHATAN TENTANG STANDAR\u00a0AKREDITASI RUMAH SAKIT.<\/span><\/p>\n<p><span style=\"color: #000000;\">KESATU : Menetapkan standar akreditasi rumah sakit sebagaimana\u00a0tercantum dalam Lampiran yang merupakan bagian tidak\u00a0terpisahkan dari Keputusan Menteri ini.<\/span><\/p>\n<p><span style=\"color: #000000;\">KEDUA : Standar akreditasi rumah sakit sebagaimana dimaksud dalam\u00a0Diktum KESATU digunakan sebagai acuan bagi lembaga\u00a0independen penyelenggara akreditasi rumah sakit dalam\u00a0menyelenggarakan akreditasi rumah sakit sesuai dengan\u00a0ketentuan peraturan perundang-undangan.<\/span><\/p>\n<p><span style=\"color: #000000;\">KETIGA : Standar akreditasi rumah sakit sebagaimana dimaksud dalam\u00a0Diktum KESATU terdiri atas standar yang dikelompokkan ke\u00a0dalam:\u00a0<\/span><\/p>\n<ol>\n<li><span style=\"color: #000000;\">kelompok manajemen rumah sakit;<\/span><\/li>\n<li><span style=\"color: #000000;\">kelompok pelayanan berfokus pada pasien;<\/span><\/li>\n<li><span style=\"color: #000000;\">kelompok sasaran keselamatan pasien; dan<\/span><\/li>\n<li><span style=\"color: #000000;\">kelompok program nasional.<\/span><\/li>\n<\/ol>\n<p><span style=\"color: #000000;\">KEEMPAT : Pemerintah pusat, pemerintah daerah provinsi, dan\u00a0pemerintah daerah kabupaten\/kota melakukan pembinaan\u00a0dan pengawasan terhadap pelaksanaan standar akreditasi\u00a0rumah sakit berdasarkan kewenangan masing-masing sesuai\u00a0dengan ketentuan peraturan perundang-undangan.<\/span><\/p>\n<p><span style=\"color: #000000;\">KELIMA : Keputusan Menteri ini mulai berlaku pada tanggal ditetapkan.\u00a0<\/span><\/p>\n<p><span style=\"color: #000000;\">Ditetapkan di Jakarta,\u00a0pada tanggal 13 April 2022<\/span><\/p>\n<p><span style=\"color: #000000;\">MENTERI KESEHATAN\u00a0REPUBLIK INDONESIA,<\/span><\/p>\n<p><span style=\"color: #000000;\">ttd.<\/span><\/p>\n<p><span style=\"color: #000000;\">BUDI G. SADIKIN<\/span><\/p>\n<hr \/>\n<p>&nbsp;<\/p>\n<div class=\"pvc_clear\"><\/div>\n<p id=\"pvc_stats_6331\" class=\"pvc_stats all  \" data-element-id=\"6331\" style=\"\"><i class=\"pvc-stats-icon medium\" aria-hidden=\"true\"><svg aria-hidden=\"true\" focusable=\"false\" data-prefix=\"far\" data-icon=\"chart-bar\" role=\"img\" xmlns=\"http:\/\/www.w3.org\/2000\/svg\" viewBox=\"0 0 512 512\" class=\"svg-inline--fa fa-chart-bar fa-w-16 fa-2x\"><path fill=\"currentColor\" d=\"M396.8 352h22.4c6.4 0 12.8-6.4 12.8-12.8V108.8c0-6.4-6.4-12.8-12.8-12.8h-22.4c-6.4 0-12.8 6.4-12.8 12.8v230.4c0 6.4 6.4 12.8 12.8 12.8zm-192 0h22.4c6.4 0 12.8-6.4 12.8-12.8V140.8c0-6.4-6.4-12.8-12.8-12.8h-22.4c-6.4 0-12.8 6.4-12.8 12.8v198.4c0 6.4 6.4 12.8 12.8 12.8zm96 0h22.4c6.4 0 12.8-6.4 12.8-12.8V204.8c0-6.4-6.4-12.8-12.8-12.8h-22.4c-6.4 0-12.8 6.4-12.8 12.8v134.4c0 6.4 6.4 12.8 12.8 12.8zM496 400H48V80c0-8.84-7.16-16-16-16H16C7.16 64 0 71.16 0 80v336c0 17.67 14.33 32 32 32h464c8.84 0 16-7.16 16-16v-16c0-8.84-7.16-16-16-16zm-387.2-48h22.4c6.4 0 12.8-6.4 12.8-12.8v-70.4c0-6.4-6.4-12.8-12.8-12.8h-22.4c-6.4 0-12.8 6.4-12.8 12.8v70.4c0 6.4 6.4 12.8 12.8 12.8z\" class=\"\"><\/path><\/svg><\/i> <img loading=\"lazy\" decoding=\"async\" width=\"16\" height=\"16\" alt=\"Loading\" src=\"http:\/\/snars.web.id\/rs\/wp-content\/plugins\/page-views-count\/ajax-loader-2x.gif\" border=0 \/><\/p>\n<div class=\"pvc_clear\"><\/div>\n","protected":false},"excerpt":{"rendered":"<p>Era AI, Diagnosa dan ICD, SDKI Otomatis : Klik Disini ! Materi Terbaru : Bagaimana Menilai Direktur Rumah Sakit ?\u00a0 STARSKES &#8211; KMK No. 1128 Tahun 2022 Tentang Standar Akreditasi <a class=\"more-link\" href=\"http:\/\/snars.web.id\/rs\/kmk-1128-standart-akreditasi-rumah-sakit\/\">Continue Reading &rarr;<\/a><\/p>\n<div class=\"pvc_clear\"><\/div>\n<p id=\"pvc_stats_6331\" class=\"pvc_stats all  \" data-element-id=\"6331\" style=\"\"><i class=\"pvc-stats-icon medium\" aria-hidden=\"true\"><svg aria-hidden=\"true\" focusable=\"false\" data-prefix=\"far\" data-icon=\"chart-bar\" role=\"img\" xmlns=\"http:\/\/www.w3.org\/2000\/svg\" viewBox=\"0 0 512 512\" class=\"svg-inline--fa fa-chart-bar fa-w-16 fa-2x\"><path fill=\"currentColor\" d=\"M396.8 352h22.4c6.4 0 12.8-6.4 12.8-12.8V108.8c0-6.4-6.4-12.8-12.8-12.8h-22.4c-6.4 0-12.8 6.4-12.8 12.8v230.4c0 6.4 6.4 12.8 12.8 12.8zm-192 0h22.4c6.4 0 12.8-6.4 12.8-12.8V140.8c0-6.4-6.4-12.8-12.8-12.8h-22.4c-6.4 0-12.8 6.4-12.8 12.8v198.4c0 6.4 6.4 12.8 12.8 12.8zm96 0h22.4c6.4 0 12.8-6.4 12.8-12.8V204.8c0-6.4-6.4-12.8-12.8-12.8h-22.4c-6.4 0-12.8 6.4-12.8 12.8v134.4c0 6.4 6.4 12.8 12.8 12.8zM496 400H48V80c0-8.84-7.16-16-16-16H16C7.16 64 0 71.16 0 80v336c0 17.67 14.33 32 32 32h464c8.84 0 16-7.16 16-16v-16c0-8.84-7.16-16-16-16zm-387.2-48h22.4c6.4 0 12.8-6.4 12.8-12.8v-70.4c0-6.4-6.4-12.8-12.8-12.8h-22.4c-6.4 0-12.8 6.4-12.8 12.8v70.4c0 6.4 6.4 12.8 12.8 12.8z\" class=\"\"><\/path><\/svg><\/i> <img loading=\"lazy\" decoding=\"async\" width=\"16\" height=\"16\" alt=\"Loading\" src=\"http:\/\/snars.web.id\/rs\/wp-content\/plugins\/page-views-count\/ajax-loader-2x.gif\" border=0 \/><\/p>\n<div class=\"pvc_clear\"><\/div>\n","protected":false},"author":1,"featured_media":0,"parent":0,"menu_order":1,"comment_status":"open","ping_status":"closed","template":"","meta":{"footnotes":""},"class_list":["post-6331","page","type-page","status-publish","hentry"],"a3_pvc":{"activated":true,"total_views":141256,"today_views":1},"yoast_head":"<!-- This site is optimized with the Yoast SEO plugin v27.6 - https:\/\/yoast.com\/product\/yoast-seo-wordpress\/ -->\n<title>#Starkes-2022 - STARKES 2024- Akreditasi RS Indonesia - SNARS.WEB.ID<\/title>\n<meta name=\"robots\" content=\"index, follow, max-snippet:-1, max-image-preview:large, max-video-preview:-1\" \/>\n<link rel=\"canonical\" href=\"https:\/\/snars.web.id\/rs\/kmk-1128-standart-akreditasi-rumah-sakit\/\" \/>\n<meta property=\"og:locale\" content=\"en_US\" \/>\n<meta property=\"og:type\" content=\"article\" \/>\n<meta property=\"og:title\" content=\"#Starkes-2022 - STARKES 2024- Akreditasi RS Indonesia - SNARS.WEB.ID\" \/>\n<meta property=\"og:description\" content=\"Era AI, Diagnosa dan ICD, SDKI Otomatis : Klik Disini ! Materi Terbaru : Bagaimana Menilai Direktur Rumah Sakit ?\u00a0 STARSKES &#8211; KMK No. 1128 Tahun 2022 Tentang Standar Akreditasi Continue Reading &rarr;\" \/>\n<meta property=\"og:url\" content=\"https:\/\/snars.web.id\/rs\/kmk-1128-standart-akreditasi-rumah-sakit\/\" \/>\n<meta property=\"og:site_name\" content=\"STARKES 2024- Akreditasi RS Indonesia - SNARS.WEB.ID\" \/>\n<meta property=\"article:publisher\" content=\"https:\/\/www.facebook.com\/akreditasirumahsakit\/\" \/>\n<meta property=\"article:modified_time\" content=\"2025-05-28T03:20:32+00:00\" \/>\n<meta name=\"twitter:card\" content=\"summary_large_image\" \/>\n<meta name=\"twitter:label1\" content=\"Est. reading time\" \/>\n\t<meta name=\"twitter:data1\" content=\"2 minutes\" \/>\n<script type=\"application\/ld+json\" class=\"yoast-schema-graph\">{\"@context\":\"https:\\\/\\\/schema.org\",\"@graph\":[{\"@type\":\"WebPage\",\"@id\":\"https:\\\/\\\/snars.web.id\\\/rs\\\/kmk-1128-standart-akreditasi-rumah-sakit\\\/\",\"url\":\"https:\\\/\\\/snars.web.id\\\/rs\\\/kmk-1128-standart-akreditasi-rumah-sakit\\\/\",\"name\":\"#Starkes-2022 - STARKES 2024- Akreditasi RS Indonesia - SNARS.WEB.ID\",\"isPartOf\":{\"@id\":\"https:\\\/\\\/snars.web.id\\\/rs\\\/#website\"},\"datePublished\":\"2022-05-22T10:52:53+00:00\",\"dateModified\":\"2025-05-28T03:20:32+00:00\",\"breadcrumb\":{\"@id\":\"https:\\\/\\\/snars.web.id\\\/rs\\\/kmk-1128-standart-akreditasi-rumah-sakit\\\/#breadcrumb\"},\"inLanguage\":\"en-US\",\"potentialAction\":[{\"@type\":\"ReadAction\",\"target\":[\"https:\\\/\\\/snars.web.id\\\/rs\\\/kmk-1128-standart-akreditasi-rumah-sakit\\\/\"]}]},{\"@type\":\"BreadcrumbList\",\"@id\":\"https:\\\/\\\/snars.web.id\\\/rs\\\/kmk-1128-standart-akreditasi-rumah-sakit\\\/#breadcrumb\",\"itemListElement\":[{\"@type\":\"ListItem\",\"position\":1,\"name\":\"Home\",\"item\":\"https:\\\/\\\/snars.web.id\\\/rs\\\/\"},{\"@type\":\"ListItem\",\"position\":2,\"name\":\"#Starkes-2022\"}]},{\"@type\":\"WebSite\",\"@id\":\"https:\\\/\\\/snars.web.id\\\/rs\\\/#website\",\"url\":\"https:\\\/\\\/snars.web.id\\\/rs\\\/\",\"name\":\"STARKES 2024- Akreditasi RS Indonesia - SNARS.WEB.ID\",\"description\":\"Pedoman, Panduan, Kebijakan, SPO, TOR, dan lain-lain - Bantu Pembiayaan Web ini dengan KLIK IKLAN .\",\"potentialAction\":[{\"@type\":\"SearchAction\",\"target\":{\"@type\":\"EntryPoint\",\"urlTemplate\":\"https:\\\/\\\/snars.web.id\\\/rs\\\/?s={search_term_string}\"},\"query-input\":{\"@type\":\"PropertyValueSpecification\",\"valueRequired\":true,\"valueName\":\"search_term_string\"}}],\"inLanguage\":\"en-US\"}]}<\/script>\n<!-- \/ Yoast SEO plugin. -->","yoast_head_json":{"title":"#Starkes-2022 - STARKES 2024- Akreditasi RS Indonesia - SNARS.WEB.ID","robots":{"index":"index","follow":"follow","max-snippet":"max-snippet:-1","max-image-preview":"max-image-preview:large","max-video-preview":"max-video-preview:-1"},"canonical":"https:\/\/snars.web.id\/rs\/kmk-1128-standart-akreditasi-rumah-sakit\/","og_locale":"en_US","og_type":"article","og_title":"#Starkes-2022 - STARKES 2024- Akreditasi RS Indonesia - SNARS.WEB.ID","og_description":"Era AI, Diagnosa dan ICD, SDKI Otomatis : Klik Disini ! Materi Terbaru : Bagaimana Menilai Direktur Rumah Sakit ?\u00a0 STARSKES &#8211; KMK No. 1128 Tahun 2022 Tentang Standar Akreditasi Continue Reading &rarr;","og_url":"https:\/\/snars.web.id\/rs\/kmk-1128-standart-akreditasi-rumah-sakit\/","og_site_name":"STARKES 2024- Akreditasi RS Indonesia - SNARS.WEB.ID","article_publisher":"https:\/\/www.facebook.com\/akreditasirumahsakit\/","article_modified_time":"2025-05-28T03:20:32+00:00","twitter_card":"summary_large_image","twitter_misc":{"Est. reading time":"2 minutes"},"schema":{"@context":"https:\/\/schema.org","@graph":[{"@type":"WebPage","@id":"https:\/\/snars.web.id\/rs\/kmk-1128-standart-akreditasi-rumah-sakit\/","url":"https:\/\/snars.web.id\/rs\/kmk-1128-standart-akreditasi-rumah-sakit\/","name":"#Starkes-2022 - STARKES 2024- Akreditasi RS Indonesia - SNARS.WEB.ID","isPartOf":{"@id":"https:\/\/snars.web.id\/rs\/#website"},"datePublished":"2022-05-22T10:52:53+00:00","dateModified":"2025-05-28T03:20:32+00:00","breadcrumb":{"@id":"https:\/\/snars.web.id\/rs\/kmk-1128-standart-akreditasi-rumah-sakit\/#breadcrumb"},"inLanguage":"en-US","potentialAction":[{"@type":"ReadAction","target":["https:\/\/snars.web.id\/rs\/kmk-1128-standart-akreditasi-rumah-sakit\/"]}]},{"@type":"BreadcrumbList","@id":"https:\/\/snars.web.id\/rs\/kmk-1128-standart-akreditasi-rumah-sakit\/#breadcrumb","itemListElement":[{"@type":"ListItem","position":1,"name":"Home","item":"https:\/\/snars.web.id\/rs\/"},{"@type":"ListItem","position":2,"name":"#Starkes-2022"}]},{"@type":"WebSite","@id":"https:\/\/snars.web.id\/rs\/#website","url":"https:\/\/snars.web.id\/rs\/","name":"STARKES 2024- Akreditasi RS Indonesia - SNARS.WEB.ID","description":"Pedoman, Panduan, Kebijakan, SPO, TOR, dan lain-lain - Bantu Pembiayaan Web ini dengan KLIK IKLAN .","potentialAction":[{"@type":"SearchAction","target":{"@type":"EntryPoint","urlTemplate":"https:\/\/snars.web.id\/rs\/?s={search_term_string}"},"query-input":{"@type":"PropertyValueSpecification","valueRequired":true,"valueName":"search_term_string"}}],"inLanguage":"en-US"}]}},"_links":{"self":[{"href":"http:\/\/snars.web.id\/rs\/wp-json\/wp\/v2\/pages\/6331","targetHints":{"allow":["GET"]}}],"collection":[{"href":"http:\/\/snars.web.id\/rs\/wp-json\/wp\/v2\/pages"}],"about":[{"href":"http:\/\/snars.web.id\/rs\/wp-json\/wp\/v2\/types\/page"}],"author":[{"embeddable":true,"href":"http:\/\/snars.web.id\/rs\/wp-json\/wp\/v2\/users\/1"}],"replies":[{"embeddable":true,"href":"http:\/\/snars.web.id\/rs\/wp-json\/wp\/v2\/comments?post=6331"}],"version-history":[{"count":42,"href":"http:\/\/snars.web.id\/rs\/wp-json\/wp\/v2\/pages\/6331\/revisions"}],"predecessor-version":[{"id":6986,"href":"http:\/\/snars.web.id\/rs\/wp-json\/wp\/v2\/pages\/6331\/revisions\/6986"}],"wp:attachment":[{"href":"http:\/\/snars.web.id\/rs\/wp-json\/wp\/v2\/media?parent=6331"}],"curies":[{"name":"wp","href":"https:\/\/api.w.org\/{rel}","templated":true}]}}