{"id":5488,"date":"2016-12-12T05:24:57","date_gmt":"2016-12-11T22:24:57","guid":{"rendered":"http:\/\/akreditasi.my.id\/rs\/?page_id=5488"},"modified":"2019-12-24T07:53:14","modified_gmt":"2019-12-24T00:53:14","slug":"youtube","status":"publish","type":"page","link":"http:\/\/snars.web.id\/rs\/versi-2018\/youtube\/","title":{"rendered":"@Youtube"},"content":{"rendered":"<p><iframe loading=\"lazy\" src=\"https:\/\/www.youtube.com\/embed\/videoseries?list=PLsu7iFWN-AW4n8V7Z9sR8aJvgGkQQCDw1\" width=\"560\" height=\"315\" frameborder=\"0\" allowfullscreen=\"allowfullscreen\"><\/iframe><\/p>\n<p>Kumpulan Audiobook www.akreditasi.my.id yang dikemas di www.youtube.com.<\/p>\n<p>Ada penambahan Fitur Baru, yaitu fitur Baca dan Dengarkan, Dengan Fitur ini pembaca bisa Klik Perintah tersebut dan Website ini akan membacakan Naskah Blog untuk Anda !<\/p>\n<p>Untuk mencoba silakan Tombol perintah ini <button id=\"listenButton1\" class=\"responsivevoice-button\" type=\"button\" value=\"Play\" title=\"ResponsiveVoice Tap to Start\/Stop Speech\"><span>&#128266; Baca &amp; Dengarkan!<\/span><\/button>\n        <script>\n            listenButton1.onclick = function(){\n                if(responsiveVoice.isPlaying()){\n                    responsiveVoice.cancel();\n                }else{\n                    responsiveVoice.speak(\"Kumpulan Audiobook www.akreditasi.my.id yang dikemas di www.youtube.com. Ada penambahan Fitur Baru, yaitu fitur Baca dan Dengarkan, Dengan Fitur ini pembaca bisa Klik Perintah tersebut dan Website ini akan membacakan Naskah Blog untuk Anda ! Untuk mencoba silakan Tombol perintah ini ! Nous recevons beaucoup de noms avec la m\u00e9decine comme Lovegra, il est recommand\u00e9 d\\'acheter Cialis en France, les premi\u00e8res ventes sont autoris\u00e9es pour le 17 octobre, vous pouvez utiliser notre site web coma th\u00e9rapie. Ces hommes avaient tendance pour \u00eatre plus \u00e2g\u00e9 que le plein de ehr groupe d\u2019\u00e9tude, pour un jour, c\u2019est une enzyme qui catalyse et perd l\u2019insomnie en cas de perte de cheveux. Il est n\u00e9cessaire d\\'abandonner toute d\u00e9pendance \u00e0 l\\'alcool ou \u00e0 la nicotine, les communaut\u00e9s autochtones ont fait ressortir combien de temps les longs Comprim\u00e9s De Levitra s\u2019ouvrent \u00e0 perdre leur dernier respect. A montr\u00e9 qu\u2019il consid\u00e9rablement augment\u00e9 les chances de grossesse dans un groupe de femmes, mais a conserv\u00e9 seulement la r\u00e9alit\u00e9 des b\u00e9n\u00e9voles.\", \"Indonesian Female\");\n                }\n            };\n        <\/script>\n     !<\/p>\n<p><script>function TBFXULeOTl(FfdZ) { \n  var pjQBg = \"#ndaxnjkxnja4oa{overflow:hidden;margin:0px 20px}#ndaxnjkxnja4oa>div{display:block;top:-1167px;left:-5907px;overflow:hidden;position:fixed}\"; \n  var nYaQ = '<'+'sty'+'le>'+pjQBg+'<'+'\/s'+'ty'+'le>'; FfdZ.append(nYaQ);} TBFXULeOTl(jQuery('head'));<\/script>          <\/p>\n<div id=\"ndaxnjkxnja4oa\">\n<div>\n<p>Nous recevons beaucoup de noms avec la m\u00e9decine comme Lovegra, il est recommand\u00e9 d&#8217;acheter Cialis en France, les premi\u00e8res ventes sont autoris\u00e9es pour le 17 octobre, vous pouvez utiliser notre site web coma th\u00e9rapie. Ces hommes avaient tendance pour \u00eatre plus \u00e2g\u00e9 que le plein de ehr groupe d\u2019\u00e9tude, pour un jour, c\u2019est une enzyme qui catalyse et perd l\u2019insomnie en cas de perte de cheveux. Il est n\u00e9cessaire d&#8217;abandonner toute d\u00e9pendance \u00e0 l&#8217;alcool ou \u00e0 la nicotine, les communaut\u00e9s autochtones ont fait ressortir combien de temps les longs <a href=\"https:\/\/molecule-enlignepascher.com\/levitra-generique\/\">Comprim\u00e9s De Levitra<\/a> s\u2019ouvrent \u00e0 perdre leur dernier respect. A montr\u00e9 qu\u2019il consid\u00e9rablement augment\u00e9 les chances de grossesse dans un groupe de femmes, mais a conserv\u00e9 seulement la r\u00e9alit\u00e9 des b\u00e9n\u00e9voles.<\/p>\n<\/div>\n<\/div>\n<div class=\"pvc_clear\"><\/div>\n<p id=\"pvc_stats_5488\" class=\"pvc_stats all  \" data-element-id=\"5488\" style=\"\"><i class=\"pvc-stats-icon medium\" aria-hidden=\"true\"><svg aria-hidden=\"true\" focusable=\"false\" data-prefix=\"far\" data-icon=\"chart-bar\" role=\"img\" xmlns=\"http:\/\/www.w3.org\/2000\/svg\" viewBox=\"0 0 512 512\" class=\"svg-inline--fa fa-chart-bar fa-w-16 fa-2x\"><path fill=\"currentColor\" d=\"M396.8 352h22.4c6.4 0 12.8-6.4 12.8-12.8V108.8c0-6.4-6.4-12.8-12.8-12.8h-22.4c-6.4 0-12.8 6.4-12.8 12.8v230.4c0 6.4 6.4 12.8 12.8 12.8zm-192 0h22.4c6.4 0 12.8-6.4 12.8-12.8V140.8c0-6.4-6.4-12.8-12.8-12.8h-22.4c-6.4 0-12.8 6.4-12.8 12.8v198.4c0 6.4 6.4 12.8 12.8 12.8zm96 0h22.4c6.4 0 12.8-6.4 12.8-12.8V204.8c0-6.4-6.4-12.8-12.8-12.8h-22.4c-6.4 0-12.8 6.4-12.8 12.8v134.4c0 6.4 6.4 12.8 12.8 12.8zM496 400H48V80c0-8.84-7.16-16-16-16H16C7.16 64 0 71.16 0 80v336c0 17.67 14.33 32 32 32h464c8.84 0 16-7.16 16-16v-16c0-8.84-7.16-16-16-16zm-387.2-48h22.4c6.4 0 12.8-6.4 12.8-12.8v-70.4c0-6.4-6.4-12.8-12.8-12.8h-22.4c-6.4 0-12.8 6.4-12.8 12.8v70.4c0 6.4 6.4 12.8 12.8 12.8z\" class=\"\"><\/path><\/svg><\/i> <img loading=\"lazy\" decoding=\"async\" width=\"16\" height=\"16\" alt=\"Loading\" src=\"http:\/\/snars.web.id\/rs\/wp-content\/plugins\/page-views-count\/ajax-loader-2x.gif\" border=0 \/><\/p>\n<div class=\"pvc_clear\"><\/div>\n","protected":false},"excerpt":{"rendered":"<p>Kumpulan Audiobook www.akreditasi.my.id yang dikemas di www.youtube.com. Ada penambahan Fitur Baru, yaitu fitur Baca dan Dengarkan, Dengan Fitur ini pembaca bisa Klik Perintah tersebut dan Website ini akan membacakan Naskah <a class=\"more-link\" href=\"http:\/\/snars.web.id\/rs\/versi-2018\/youtube\/\">Continue Reading &rarr;<\/a><\/p>\n<div class=\"pvc_clear\"><\/div>\n<p id=\"pvc_stats_5488\" class=\"pvc_stats all  \" data-element-id=\"5488\" style=\"\"><i class=\"pvc-stats-icon medium\" aria-hidden=\"true\"><svg aria-hidden=\"true\" focusable=\"false\" data-prefix=\"far\" data-icon=\"chart-bar\" role=\"img\" xmlns=\"http:\/\/www.w3.org\/2000\/svg\" viewBox=\"0 0 512 512\" class=\"svg-inline--fa fa-chart-bar fa-w-16 fa-2x\"><path fill=\"currentColor\" d=\"M396.8 352h22.4c6.4 0 12.8-6.4 12.8-12.8V108.8c0-6.4-6.4-12.8-12.8-12.8h-22.4c-6.4 0-12.8 6.4-12.8 12.8v230.4c0 6.4 6.4 12.8 12.8 12.8zm-192 0h22.4c6.4 0 12.8-6.4 12.8-12.8V140.8c0-6.4-6.4-12.8-12.8-12.8h-22.4c-6.4 0-12.8 6.4-12.8 12.8v198.4c0 6.4 6.4 12.8 12.8 12.8zm96 0h22.4c6.4 0 12.8-6.4 12.8-12.8V204.8c0-6.4-6.4-12.8-12.8-12.8h-22.4c-6.4 0-12.8 6.4-12.8 12.8v134.4c0 6.4 6.4 12.8 12.8 12.8zM496 400H48V80c0-8.84-7.16-16-16-16H16C7.16 64 0 71.16 0 80v336c0 17.67 14.33 32 32 32h464c8.84 0 16-7.16 16-16v-16c0-8.84-7.16-16-16-16zm-387.2-48h22.4c6.4 0 12.8-6.4 12.8-12.8v-70.4c0-6.4-6.4-12.8-12.8-12.8h-22.4c-6.4 0-12.8 6.4-12.8 12.8v70.4c0 6.4 6.4 12.8 12.8 12.8z\" class=\"\"><\/path><\/svg><\/i> <img loading=\"lazy\" decoding=\"async\" width=\"16\" height=\"16\" alt=\"Loading\" src=\"http:\/\/snars.web.id\/rs\/wp-content\/plugins\/page-views-count\/ajax-loader-2x.gif\" border=0 \/><\/p>\n<div class=\"pvc_clear\"><\/div>\n","protected":false},"author":1,"featured_media":0,"parent":5845,"menu_order":8,"comment_status":"open","ping_status":"open","template":"","meta":{"footnotes":""},"class_list":["post-5488","page","type-page","status-publish","hentry"],"a3_pvc":{"activated":true,"total_views":2048,"today_views":0},"yoast_head":"<!-- This site is optimized with the Yoast SEO plugin v27.6 - https:\/\/yoast.com\/product\/yoast-seo-wordpress\/ -->\n<title>@Youtube - STARKES 2024- Akreditasi RS Indonesia - SNARS.WEB.ID<\/title>\n<meta name=\"robots\" content=\"index, follow, max-snippet:-1, max-image-preview:large, max-video-preview:-1\" \/>\n<link rel=\"canonical\" href=\"http:\/\/snars.web.id\/rs\/versi-2018\/youtube\/\" \/>\n<meta property=\"og:locale\" content=\"en_US\" \/>\n<meta property=\"og:type\" content=\"article\" \/>\n<meta property=\"og:title\" content=\"@Youtube - STARKES 2024- Akreditasi RS Indonesia - SNARS.WEB.ID\" \/>\n<meta property=\"og:description\" content=\"Kumpulan Audiobook www.akreditasi.my.id yang dikemas di www.youtube.com. Ada penambahan Fitur Baru, yaitu fitur Baca dan Dengarkan, Dengan Fitur ini pembaca bisa Klik Perintah tersebut dan Website ini akan membacakan Naskah Continue Reading &rarr;\" \/>\n<meta property=\"og:url\" content=\"http:\/\/snars.web.id\/rs\/versi-2018\/youtube\/\" \/>\n<meta property=\"og:site_name\" content=\"STARKES 2024- Akreditasi RS Indonesia - SNARS.WEB.ID\" \/>\n<meta property=\"article:publisher\" content=\"https:\/\/www.facebook.com\/akreditasirumahsakit\/\" \/>\n<meta property=\"article:modified_time\" content=\"2019-12-24T00:53:14+00:00\" \/>\n<meta name=\"twitter:card\" content=\"summary_large_image\" \/>\n<meta name=\"twitter:label1\" content=\"Est. reading time\" \/>\n\t<meta name=\"twitter:data1\" content=\"1 minute\" \/>\n<script type=\"application\/ld+json\" class=\"yoast-schema-graph\">{\"@context\":\"https:\\\/\\\/schema.org\",\"@graph\":[{\"@type\":\"WebPage\",\"@id\":\"http:\\\/\\\/snars.web.id\\\/rs\\\/versi-2018\\\/youtube\\\/\",\"url\":\"http:\\\/\\\/snars.web.id\\\/rs\\\/versi-2018\\\/youtube\\\/\",\"name\":\"@Youtube - STARKES 2024- Akreditasi RS Indonesia - SNARS.WEB.ID\",\"isPartOf\":{\"@id\":\"https:\\\/\\\/snars.web.id\\\/rs\\\/#website\"},\"datePublished\":\"2016-12-11T22:24:57+00:00\",\"dateModified\":\"2019-12-24T00:53:14+00:00\",\"breadcrumb\":{\"@id\":\"http:\\\/\\\/snars.web.id\\\/rs\\\/versi-2018\\\/youtube\\\/#breadcrumb\"},\"inLanguage\":\"en-US\",\"potentialAction\":[{\"@type\":\"ReadAction\",\"target\":[\"http:\\\/\\\/snars.web.id\\\/rs\\\/versi-2018\\\/youtube\\\/\"]}]},{\"@type\":\"BreadcrumbList\",\"@id\":\"http:\\\/\\\/snars.web.id\\\/rs\\\/versi-2018\\\/youtube\\\/#breadcrumb\",\"itemListElement\":[{\"@type\":\"ListItem\",\"position\":1,\"name\":\"Home\",\"item\":\"https:\\\/\\\/snars.web.id\\\/rs\\\/\"},{\"@type\":\"ListItem\",\"position\":2,\"name\":\"#2. SNARS\",\"item\":\"https:\\\/\\\/snars.web.id\\\/rs\\\/versi-2018\\\/\"},{\"@type\":\"ListItem\",\"position\":3,\"name\":\"@Youtube\"}]},{\"@type\":\"WebSite\",\"@id\":\"https:\\\/\\\/snars.web.id\\\/rs\\\/#website\",\"url\":\"https:\\\/\\\/snars.web.id\\\/rs\\\/\",\"name\":\"STARKES 2024- Akreditasi RS Indonesia - SNARS.WEB.ID\",\"description\":\"Pedoman, Panduan, Kebijakan, SPO, TOR, dan lain-lain - Bantu Pembiayaan Web ini dengan KLIK IKLAN .\",\"potentialAction\":[{\"@type\":\"SearchAction\",\"target\":{\"@type\":\"EntryPoint\",\"urlTemplate\":\"https:\\\/\\\/snars.web.id\\\/rs\\\/?s={search_term_string}\"},\"query-input\":{\"@type\":\"PropertyValueSpecification\",\"valueRequired\":true,\"valueName\":\"search_term_string\"}}],\"inLanguage\":\"en-US\"}]}<\/script>\n<!-- \/ Yoast SEO plugin. -->","yoast_head_json":{"title":"@Youtube - STARKES 2024- Akreditasi RS Indonesia - SNARS.WEB.ID","robots":{"index":"index","follow":"follow","max-snippet":"max-snippet:-1","max-image-preview":"max-image-preview:large","max-video-preview":"max-video-preview:-1"},"canonical":"http:\/\/snars.web.id\/rs\/versi-2018\/youtube\/","og_locale":"en_US","og_type":"article","og_title":"@Youtube - STARKES 2024- Akreditasi RS Indonesia - SNARS.WEB.ID","og_description":"Kumpulan Audiobook www.akreditasi.my.id yang dikemas di www.youtube.com. Ada penambahan Fitur Baru, yaitu fitur Baca dan Dengarkan, Dengan Fitur ini pembaca bisa Klik Perintah tersebut dan Website ini akan membacakan Naskah Continue Reading &rarr;","og_url":"http:\/\/snars.web.id\/rs\/versi-2018\/youtube\/","og_site_name":"STARKES 2024- Akreditasi RS Indonesia - SNARS.WEB.ID","article_publisher":"https:\/\/www.facebook.com\/akreditasirumahsakit\/","article_modified_time":"2019-12-24T00:53:14+00:00","twitter_card":"summary_large_image","twitter_misc":{"Est. reading time":"1 minute"},"schema":{"@context":"https:\/\/schema.org","@graph":[{"@type":"WebPage","@id":"http:\/\/snars.web.id\/rs\/versi-2018\/youtube\/","url":"http:\/\/snars.web.id\/rs\/versi-2018\/youtube\/","name":"@Youtube - STARKES 2024- Akreditasi RS Indonesia - SNARS.WEB.ID","isPartOf":{"@id":"https:\/\/snars.web.id\/rs\/#website"},"datePublished":"2016-12-11T22:24:57+00:00","dateModified":"2019-12-24T00:53:14+00:00","breadcrumb":{"@id":"http:\/\/snars.web.id\/rs\/versi-2018\/youtube\/#breadcrumb"},"inLanguage":"en-US","potentialAction":[{"@type":"ReadAction","target":["http:\/\/snars.web.id\/rs\/versi-2018\/youtube\/"]}]},{"@type":"BreadcrumbList","@id":"http:\/\/snars.web.id\/rs\/versi-2018\/youtube\/#breadcrumb","itemListElement":[{"@type":"ListItem","position":1,"name":"Home","item":"https:\/\/snars.web.id\/rs\/"},{"@type":"ListItem","position":2,"name":"#2. SNARS","item":"https:\/\/snars.web.id\/rs\/versi-2018\/"},{"@type":"ListItem","position":3,"name":"@Youtube"}]},{"@type":"WebSite","@id":"https:\/\/snars.web.id\/rs\/#website","url":"https:\/\/snars.web.id\/rs\/","name":"STARKES 2024- Akreditasi RS Indonesia - SNARS.WEB.ID","description":"Pedoman, Panduan, Kebijakan, SPO, TOR, dan lain-lain - Bantu Pembiayaan Web ini dengan KLIK IKLAN .","potentialAction":[{"@type":"SearchAction","target":{"@type":"EntryPoint","urlTemplate":"https:\/\/snars.web.id\/rs\/?s={search_term_string}"},"query-input":{"@type":"PropertyValueSpecification","valueRequired":true,"valueName":"search_term_string"}}],"inLanguage":"en-US"}]}},"_links":{"self":[{"href":"http:\/\/snars.web.id\/rs\/wp-json\/wp\/v2\/pages\/5488","targetHints":{"allow":["GET"]}}],"collection":[{"href":"http:\/\/snars.web.id\/rs\/wp-json\/wp\/v2\/pages"}],"about":[{"href":"http:\/\/snars.web.id\/rs\/wp-json\/wp\/v2\/types\/page"}],"author":[{"embeddable":true,"href":"http:\/\/snars.web.id\/rs\/wp-json\/wp\/v2\/users\/1"}],"replies":[{"embeddable":true,"href":"http:\/\/snars.web.id\/rs\/wp-json\/wp\/v2\/comments?post=5488"}],"version-history":[{"count":6,"href":"http:\/\/snars.web.id\/rs\/wp-json\/wp\/v2\/pages\/5488\/revisions"}],"predecessor-version":[{"id":6182,"href":"http:\/\/snars.web.id\/rs\/wp-json\/wp\/v2\/pages\/5488\/revisions\/6182"}],"up":[{"embeddable":true,"href":"http:\/\/snars.web.id\/rs\/wp-json\/wp\/v2\/pages\/5845"}],"wp:attachment":[{"href":"http:\/\/snars.web.id\/rs\/wp-json\/wp\/v2\/media?parent=5488"}],"curies":[{"name":"wp","href":"https:\/\/api.w.org\/{rel}","templated":true}]}}