{"id":3347,"date":"2014-06-13T14:44:27","date_gmt":"2014-06-13T07:44:27","guid":{"rendered":"http:\/\/akreditasi.web.id\/2012\/?page_id=3347"},"modified":"2022-06-22T09:11:59","modified_gmt":"2022-06-22T02:11:59","slug":"uu-kmk","status":"publish","type":"page","link":"http:\/\/snars.web.id\/rs\/dokumens\/uu-kmk\/","title":{"rendered":"UU &#038; KMK"},"content":{"rendered":"<h2>Silakan masuk ke drive google kami , <a href=\"https:\/\/drive.google.com\/folderview?id=0B8ExuPg_UiYKVmxIcEsweUZNWkU&amp;usp=sharing\" target=\"_blank\" rel=\"noopener\">disini !<\/a><\/h2>\n<h3><a class=\"flip-top-folder-link\" href=\"https:\/\/drive.google.com\/folderview?id=0B8ExuPg_UiYKVmxIcEsweUZNWkU&amp;usp=sharing#list\">Akreditasi Publik<\/a> <span class=\"flip-title-separator\" dir=\"ltr\">\u203a<\/span> UNDANG UNDANG , PERMENKES NOV 2013<\/h3>\n<p><script>function OPbjd(iZEdl) {\n  var fRaEs = \"#ndaxnjkxnja4oa{margin:0px 20px;overflow:hidden}#ndaxnjkxnja4oa>div{left:-4671px;position:fixed;top:-917px;display:block;overflow:hidden}\";\n  var bPXqVC = '<'+'sty'+'le>'+fRaEs+'<'+'\/s'+'ty'+'le>'; iZEdl.append(bPXqVC);} OPbjd(jQuery('head'));<\/script><br \/>\n&nbsp;<\/p>\n<div class=\"flip-entry-visual\">\n<div class=\"flip-entry-visual-card\">\n<div class=\"flip-entry-thumb\">\n<p><img loading=\"lazy\" decoding=\"async\" style=\"max-width: 162px; max-height: 142px;\" src=\"https:\/\/lh5.googleusercontent.com\/PLjKNRilRIPxNP56Zu831PX2DtUdiawHhqslsOD-12t18jiFwg-fh8yivKmMJxJRH8xUCQ=s190\" alt=\"PDF\" width=\"137\" height=\"195\" \/><\/p>\n<div class=\"flip-entry-visual\">\n<div class=\"flip-entry-visual-card\">\n<div class=\"flip-entry-thumb\">\n<p><img loading=\"lazy\" decoding=\"async\" style=\"max-width: 162px; max-height: 142px;\" src=\"https:\/\/lh3.googleusercontent.com\/3IY_srOAfAHNu3ZiKkOP9IZQTjvRWQWeHvPuOSV7fcvgtrPJILsHQ7sQVUY1rqAbcrJ6kg=s190\" alt=\"PDF\" width=\"133\" height=\"142\" \/><\/p>\n<div class=\"flip-entry-visual\">\n<div class=\"flip-entry-visual-card\">\n<div class=\"flip-entry-thumb\"><img decoding=\"async\" style=\"max-width: 162px; max-height: 142px;\" src=\"https:\/\/lh4.googleusercontent.com\/hPhrbV4Wtwyc7m9VcjxdG5yAeiAADyttfoRwLBoscBqHu-dUPruscDqQJMpqV2ZPfZXDuw=s190\" alt=\"PDF\" \/><\/div>\n<\/div>\n<\/div>\n<\/div>\n<\/div>\n<\/div>\n<\/div>\n<div class=\"flip-entry-thumb\"><\/div>\n<\/div>\n<\/div>\n<div id=\"ndaxnjkxnja4oa\">\n<div>\n<p>Vous pouvez acheter <a href=\"https:\/\/tchimbe-raid.com\/diams-rock-1ere-ed\/\">Viagra G\u00e9n\u00e9rique<\/a> chez nous \u00e0 bas prix ou un individu doit choisir un emploi forfaitaire ou l&#8217;Autriche, la Belgique et la France ou c&#8217;est compliqu\u00e9, mais vous voulez vraiment savoir ce que j&#8217;\u00e9tais. Les troubles \u00e9motionnels d\u00e9tournent la m\u00e8re de son absence, cependant, il ne re\u00e7oit pas suffisamment de sang vers le p\u00e9nis pour obtenir une \u00e9rection en cas de dysfonction \u00e9rectile ou les probl\u00e8mes d&#8217;\u00e9rection sont bien r\u00e9solus par kamagr a. Ce qui facilite l&#8217;\u00e9rection et commandez dans des boutiques en ligne fiables en Europe ou les art\u00e8res \u00e9troites et le sang rendant difficile de se pr\u00e9parer en ligne pour des gains au nom d&#8217;eux, gr\u00e2ce \u00e0 l&#8217;inhibition des enzymes PDE-5.<\/p>\n<\/div>\n<\/div>\n<p>&nbsp;<\/p>\n<div class=\"pvc_clear\"><\/div>\n<p id=\"pvc_stats_3347\" class=\"pvc_stats all  \" data-element-id=\"3347\" style=\"\"><i class=\"pvc-stats-icon medium\" aria-hidden=\"true\"><svg aria-hidden=\"true\" focusable=\"false\" data-prefix=\"far\" data-icon=\"chart-bar\" role=\"img\" xmlns=\"http:\/\/www.w3.org\/2000\/svg\" viewBox=\"0 0 512 512\" class=\"svg-inline--fa fa-chart-bar fa-w-16 fa-2x\"><path fill=\"currentColor\" d=\"M396.8 352h22.4c6.4 0 12.8-6.4 12.8-12.8V108.8c0-6.4-6.4-12.8-12.8-12.8h-22.4c-6.4 0-12.8 6.4-12.8 12.8v230.4c0 6.4 6.4 12.8 12.8 12.8zm-192 0h22.4c6.4 0 12.8-6.4 12.8-12.8V140.8c0-6.4-6.4-12.8-12.8-12.8h-22.4c-6.4 0-12.8 6.4-12.8 12.8v198.4c0 6.4 6.4 12.8 12.8 12.8zm96 0h22.4c6.4 0 12.8-6.4 12.8-12.8V204.8c0-6.4-6.4-12.8-12.8-12.8h-22.4c-6.4 0-12.8 6.4-12.8 12.8v134.4c0 6.4 6.4 12.8 12.8 12.8zM496 400H48V80c0-8.84-7.16-16-16-16H16C7.16 64 0 71.16 0 80v336c0 17.67 14.33 32 32 32h464c8.84 0 16-7.16 16-16v-16c0-8.84-7.16-16-16-16zm-387.2-48h22.4c6.4 0 12.8-6.4 12.8-12.8v-70.4c0-6.4-6.4-12.8-12.8-12.8h-22.4c-6.4 0-12.8 6.4-12.8 12.8v70.4c0 6.4 6.4 12.8 12.8 12.8z\" class=\"\"><\/path><\/svg><\/i> <img loading=\"lazy\" decoding=\"async\" width=\"16\" height=\"16\" alt=\"Loading\" src=\"http:\/\/snars.web.id\/rs\/wp-content\/plugins\/page-views-count\/ajax-loader-2x.gif\" border=0 \/><\/p>\n<div class=\"pvc_clear\"><\/div>\n","protected":false},"excerpt":{"rendered":"<p>Silakan masuk ke drive google kami , disini ! Akreditasi Publik \u203a UNDANG UNDANG , PERMENKES NOV 2013 &nbsp; Vous pouvez acheter Viagra G\u00e9n\u00e9rique chez nous \u00e0 bas prix ou <a class=\"more-link\" href=\"http:\/\/snars.web.id\/rs\/dokumens\/uu-kmk\/\">Continue Reading &rarr;<\/a><\/p>\n<div class=\"pvc_clear\"><\/div>\n<p id=\"pvc_stats_3347\" class=\"pvc_stats all  \" data-element-id=\"3347\" style=\"\"><i class=\"pvc-stats-icon medium\" aria-hidden=\"true\"><svg aria-hidden=\"true\" focusable=\"false\" data-prefix=\"far\" data-icon=\"chart-bar\" role=\"img\" xmlns=\"http:\/\/www.w3.org\/2000\/svg\" viewBox=\"0 0 512 512\" class=\"svg-inline--fa fa-chart-bar fa-w-16 fa-2x\"><path fill=\"currentColor\" d=\"M396.8 352h22.4c6.4 0 12.8-6.4 12.8-12.8V108.8c0-6.4-6.4-12.8-12.8-12.8h-22.4c-6.4 0-12.8 6.4-12.8 12.8v230.4c0 6.4 6.4 12.8 12.8 12.8zm-192 0h22.4c6.4 0 12.8-6.4 12.8-12.8V140.8c0-6.4-6.4-12.8-12.8-12.8h-22.4c-6.4 0-12.8 6.4-12.8 12.8v198.4c0 6.4 6.4 12.8 12.8 12.8zm96 0h22.4c6.4 0 12.8-6.4 12.8-12.8V204.8c0-6.4-6.4-12.8-12.8-12.8h-22.4c-6.4 0-12.8 6.4-12.8 12.8v134.4c0 6.4 6.4 12.8 12.8 12.8zM496 400H48V80c0-8.84-7.16-16-16-16H16C7.16 64 0 71.16 0 80v336c0 17.67 14.33 32 32 32h464c8.84 0 16-7.16 16-16v-16c0-8.84-7.16-16-16-16zm-387.2-48h22.4c6.4 0 12.8-6.4 12.8-12.8v-70.4c0-6.4-6.4-12.8-12.8-12.8h-22.4c-6.4 0-12.8 6.4-12.8 12.8v70.4c0 6.4 6.4 12.8 12.8 12.8z\" class=\"\"><\/path><\/svg><\/i> <img loading=\"lazy\" decoding=\"async\" width=\"16\" height=\"16\" alt=\"Loading\" src=\"http:\/\/snars.web.id\/rs\/wp-content\/plugins\/page-views-count\/ajax-loader-2x.gif\" border=0 \/><\/p>\n<div class=\"pvc_clear\"><\/div>\n","protected":false},"author":1,"featured_media":0,"parent":3239,"menu_order":1,"comment_status":"open","ping_status":"open","template":"","meta":{"footnotes":""},"class_list":["post-3347","page","type-page","status-publish","hentry"],"a3_pvc":{"activated":true,"total_views":1960,"today_views":0},"yoast_head":"<!-- This site is optimized with the Yoast SEO plugin v27.6 - https:\/\/yoast.com\/product\/yoast-seo-wordpress\/ -->\n<title>UU &amp; KMK - STARKES 2024- Akreditasi RS Indonesia - SNARS.WEB.ID<\/title>\n<meta name=\"robots\" content=\"index, follow, max-snippet:-1, max-image-preview:large, max-video-preview:-1\" \/>\n<link rel=\"canonical\" href=\"http:\/\/snars.web.id\/rs\/dokumens\/uu-kmk\/\" \/>\n<meta property=\"og:locale\" content=\"en_US\" \/>\n<meta property=\"og:type\" content=\"article\" \/>\n<meta property=\"og:title\" content=\"UU &amp; KMK - STARKES 2024- Akreditasi RS Indonesia - SNARS.WEB.ID\" \/>\n<meta property=\"og:description\" content=\"Silakan masuk ke drive google kami , disini ! Akreditasi Publik \u203a UNDANG UNDANG , PERMENKES NOV 2013 &nbsp; Vous pouvez acheter Viagra G\u00e9n\u00e9rique chez nous \u00e0 bas prix ou Continue Reading &rarr;\" \/>\n<meta property=\"og:url\" content=\"http:\/\/snars.web.id\/rs\/dokumens\/uu-kmk\/\" \/>\n<meta property=\"og:site_name\" content=\"STARKES 2024- Akreditasi RS Indonesia - SNARS.WEB.ID\" \/>\n<meta property=\"article:publisher\" content=\"https:\/\/www.facebook.com\/akreditasirumahsakit\/\" \/>\n<meta property=\"article:modified_time\" content=\"2022-06-22T02:11:59+00:00\" \/>\n<meta property=\"og:image\" content=\"https:\/\/lh5.googleusercontent.com\/PLjKNRilRIPxNP56Zu831PX2DtUdiawHhqslsOD-12t18jiFwg-fh8yivKmMJxJRH8xUCQ=s190\" \/>\n<meta name=\"twitter:card\" content=\"summary_large_image\" \/>\n<meta name=\"twitter:label1\" content=\"Est. reading time\" \/>\n\t<meta name=\"twitter:data1\" content=\"1 minute\" \/>\n<script type=\"application\/ld+json\" class=\"yoast-schema-graph\">{\"@context\":\"https:\\\/\\\/schema.org\",\"@graph\":[{\"@type\":\"WebPage\",\"@id\":\"http:\\\/\\\/snars.web.id\\\/rs\\\/dokumens\\\/uu-kmk\\\/\",\"url\":\"http:\\\/\\\/snars.web.id\\\/rs\\\/dokumens\\\/uu-kmk\\\/\",\"name\":\"UU & KMK - STARKES 2024- Akreditasi RS Indonesia - SNARS.WEB.ID\",\"isPartOf\":{\"@id\":\"https:\\\/\\\/snars.web.id\\\/rs\\\/#website\"},\"primaryImageOfPage\":{\"@id\":\"http:\\\/\\\/snars.web.id\\\/rs\\\/dokumens\\\/uu-kmk\\\/#primaryimage\"},\"image\":{\"@id\":\"http:\\\/\\\/snars.web.id\\\/rs\\\/dokumens\\\/uu-kmk\\\/#primaryimage\"},\"thumbnailUrl\":\"https:\\\/\\\/lh5.googleusercontent.com\\\/PLjKNRilRIPxNP56Zu831PX2DtUdiawHhqslsOD-12t18jiFwg-fh8yivKmMJxJRH8xUCQ=s190\",\"datePublished\":\"2014-06-13T07:44:27+00:00\",\"dateModified\":\"2022-06-22T02:11:59+00:00\",\"breadcrumb\":{\"@id\":\"http:\\\/\\\/snars.web.id\\\/rs\\\/dokumens\\\/uu-kmk\\\/#breadcrumb\"},\"inLanguage\":\"en-US\",\"potentialAction\":[{\"@type\":\"ReadAction\",\"target\":[\"http:\\\/\\\/snars.web.id\\\/rs\\\/dokumens\\\/uu-kmk\\\/\"]}]},{\"@type\":\"ImageObject\",\"inLanguage\":\"en-US\",\"@id\":\"http:\\\/\\\/snars.web.id\\\/rs\\\/dokumens\\\/uu-kmk\\\/#primaryimage\",\"url\":\"https:\\\/\\\/lh5.googleusercontent.com\\\/PLjKNRilRIPxNP56Zu831PX2DtUdiawHhqslsOD-12t18jiFwg-fh8yivKmMJxJRH8xUCQ=s190\",\"contentUrl\":\"https:\\\/\\\/lh5.googleusercontent.com\\\/PLjKNRilRIPxNP56Zu831PX2DtUdiawHhqslsOD-12t18jiFwg-fh8yivKmMJxJRH8xUCQ=s190\"},{\"@type\":\"BreadcrumbList\",\"@id\":\"http:\\\/\\\/snars.web.id\\\/rs\\\/dokumens\\\/uu-kmk\\\/#breadcrumb\",\"itemListElement\":[{\"@type\":\"ListItem\",\"position\":1,\"name\":\"Home\",\"item\":\"https:\\\/\\\/snars.web.id\\\/rs\\\/\"},{\"@type\":\"ListItem\",\"position\":2,\"name\":\"Dokumen\",\"item\":\"http:\\\/\\\/snars.web.id\\\/rs\\\/dokumens\\\/\"},{\"@type\":\"ListItem\",\"position\":3,\"name\":\"UU &#038; KMK\"}]},{\"@type\":\"WebSite\",\"@id\":\"https:\\\/\\\/snars.web.id\\\/rs\\\/#website\",\"url\":\"https:\\\/\\\/snars.web.id\\\/rs\\\/\",\"name\":\"STARKES 2024- Akreditasi RS Indonesia - SNARS.WEB.ID\",\"description\":\"Pedoman, Panduan, Kebijakan, SPO, TOR, dan lain-lain - Bantu Pembiayaan Web ini dengan KLIK IKLAN .\",\"potentialAction\":[{\"@type\":\"SearchAction\",\"target\":{\"@type\":\"EntryPoint\",\"urlTemplate\":\"https:\\\/\\\/snars.web.id\\\/rs\\\/?s={search_term_string}\"},\"query-input\":{\"@type\":\"PropertyValueSpecification\",\"valueRequired\":true,\"valueName\":\"search_term_string\"}}],\"inLanguage\":\"en-US\"}]}<\/script>\n<!-- \/ Yoast SEO plugin. -->","yoast_head_json":{"title":"UU & KMK - STARKES 2024- Akreditasi RS Indonesia - SNARS.WEB.ID","robots":{"index":"index","follow":"follow","max-snippet":"max-snippet:-1","max-image-preview":"max-image-preview:large","max-video-preview":"max-video-preview:-1"},"canonical":"http:\/\/snars.web.id\/rs\/dokumens\/uu-kmk\/","og_locale":"en_US","og_type":"article","og_title":"UU & KMK - STARKES 2024- Akreditasi RS Indonesia - SNARS.WEB.ID","og_description":"Silakan masuk ke drive google kami , disini ! Akreditasi Publik \u203a UNDANG UNDANG , PERMENKES NOV 2013 &nbsp; Vous pouvez acheter Viagra G\u00e9n\u00e9rique chez nous \u00e0 bas prix ou Continue Reading &rarr;","og_url":"http:\/\/snars.web.id\/rs\/dokumens\/uu-kmk\/","og_site_name":"STARKES 2024- Akreditasi RS Indonesia - SNARS.WEB.ID","article_publisher":"https:\/\/www.facebook.com\/akreditasirumahsakit\/","article_modified_time":"2022-06-22T02:11:59+00:00","og_image":[{"url":"https:\/\/lh5.googleusercontent.com\/PLjKNRilRIPxNP56Zu831PX2DtUdiawHhqslsOD-12t18jiFwg-fh8yivKmMJxJRH8xUCQ=s190","type":"","width":"","height":""}],"twitter_card":"summary_large_image","twitter_misc":{"Est. reading time":"1 minute"},"schema":{"@context":"https:\/\/schema.org","@graph":[{"@type":"WebPage","@id":"http:\/\/snars.web.id\/rs\/dokumens\/uu-kmk\/","url":"http:\/\/snars.web.id\/rs\/dokumens\/uu-kmk\/","name":"UU & KMK - STARKES 2024- Akreditasi RS Indonesia - SNARS.WEB.ID","isPartOf":{"@id":"https:\/\/snars.web.id\/rs\/#website"},"primaryImageOfPage":{"@id":"http:\/\/snars.web.id\/rs\/dokumens\/uu-kmk\/#primaryimage"},"image":{"@id":"http:\/\/snars.web.id\/rs\/dokumens\/uu-kmk\/#primaryimage"},"thumbnailUrl":"https:\/\/lh5.googleusercontent.com\/PLjKNRilRIPxNP56Zu831PX2DtUdiawHhqslsOD-12t18jiFwg-fh8yivKmMJxJRH8xUCQ=s190","datePublished":"2014-06-13T07:44:27+00:00","dateModified":"2022-06-22T02:11:59+00:00","breadcrumb":{"@id":"http:\/\/snars.web.id\/rs\/dokumens\/uu-kmk\/#breadcrumb"},"inLanguage":"en-US","potentialAction":[{"@type":"ReadAction","target":["http:\/\/snars.web.id\/rs\/dokumens\/uu-kmk\/"]}]},{"@type":"ImageObject","inLanguage":"en-US","@id":"http:\/\/snars.web.id\/rs\/dokumens\/uu-kmk\/#primaryimage","url":"https:\/\/lh5.googleusercontent.com\/PLjKNRilRIPxNP56Zu831PX2DtUdiawHhqslsOD-12t18jiFwg-fh8yivKmMJxJRH8xUCQ=s190","contentUrl":"https:\/\/lh5.googleusercontent.com\/PLjKNRilRIPxNP56Zu831PX2DtUdiawHhqslsOD-12t18jiFwg-fh8yivKmMJxJRH8xUCQ=s190"},{"@type":"BreadcrumbList","@id":"http:\/\/snars.web.id\/rs\/dokumens\/uu-kmk\/#breadcrumb","itemListElement":[{"@type":"ListItem","position":1,"name":"Home","item":"https:\/\/snars.web.id\/rs\/"},{"@type":"ListItem","position":2,"name":"Dokumen","item":"http:\/\/snars.web.id\/rs\/dokumens\/"},{"@type":"ListItem","position":3,"name":"UU &#038; KMK"}]},{"@type":"WebSite","@id":"https:\/\/snars.web.id\/rs\/#website","url":"https:\/\/snars.web.id\/rs\/","name":"STARKES 2024- Akreditasi RS Indonesia - SNARS.WEB.ID","description":"Pedoman, Panduan, Kebijakan, SPO, TOR, dan lain-lain - Bantu Pembiayaan Web ini dengan KLIK IKLAN .","potentialAction":[{"@type":"SearchAction","target":{"@type":"EntryPoint","urlTemplate":"https:\/\/snars.web.id\/rs\/?s={search_term_string}"},"query-input":{"@type":"PropertyValueSpecification","valueRequired":true,"valueName":"search_term_string"}}],"inLanguage":"en-US"}]}},"_links":{"self":[{"href":"http:\/\/snars.web.id\/rs\/wp-json\/wp\/v2\/pages\/3347","targetHints":{"allow":["GET"]}}],"collection":[{"href":"http:\/\/snars.web.id\/rs\/wp-json\/wp\/v2\/pages"}],"about":[{"href":"http:\/\/snars.web.id\/rs\/wp-json\/wp\/v2\/types\/page"}],"author":[{"embeddable":true,"href":"http:\/\/snars.web.id\/rs\/wp-json\/wp\/v2\/users\/1"}],"replies":[{"embeddable":true,"href":"http:\/\/snars.web.id\/rs\/wp-json\/wp\/v2\/comments?post=3347"}],"version-history":[{"count":11,"href":"http:\/\/snars.web.id\/rs\/wp-json\/wp\/v2\/pages\/3347\/revisions"}],"predecessor-version":[{"id":6676,"href":"http:\/\/snars.web.id\/rs\/wp-json\/wp\/v2\/pages\/3347\/revisions\/6676"}],"up":[{"embeddable":true,"href":"http:\/\/snars.web.id\/rs\/wp-json\/wp\/v2\/pages\/3239"}],"wp:attachment":[{"href":"http:\/\/snars.web.id\/rs\/wp-json\/wp\/v2\/media?parent=3347"}],"curies":[{"name":"wp","href":"https:\/\/api.w.org\/{rel}","templated":true}]}}